{"id":41,"date":"2022-01-15T16:58:39","date_gmt":"2022-01-15T13:58:39","guid":{"rendered":"https:\/\/www.stildizayn.com\/?page_id=41"},"modified":"2023-08-05T00:14:19","modified_gmt":"2023-08-04T21:14:19","slug":"hakkimizda","status":"publish","type":"page","link":"https:\/\/www.stildizayn.com\/en\/hakkimizda\/","title":{"rendered":"About us"},"content":{"rendered":"<div id=\"hak\" data-vc-full-width=\"true\" data-vc-full-width-init=\"false\" data-vc-stretch-content=\"true\" class=\"vc_row wpb_row vc_row-fluid vc_row-o-equal-height vc_row-flex wd-rs-64ada97b2801a\"><div class=\"wpb_column vc_column_container vc_col-sm-8\"><div class=\"vc_column-inner\"><div class=\"wpb_wrapper\">\t\t<div id=\"gallery_538\" class=\"wd-images-gallery wd-rs-64cd69d3111b0 wd-justify-center wd-items-middle view-carousel photoswipe-images wd-carousel-spacing-0 wd-carousel-container\" data-owl-carousel data-wrap=\"no\" data-autoplay=\"yes\" data-hide_pagination_control=\"yes\" data-hide_prev_next_buttons=\"yes\" data-desktop=\"1\" data-tablet_landscape=\"1\" data-tablet=\"1\" data-mobile=\"1\">\n\t\t\t<div class=\"gallery-images owl-carousel owl-items-lg-1 owl-items-md-1 owl-items-sm-1 owl-items-xs-1\">\n\t\t\t\t\t\t\t\t\t\t\t\t\t\t\t<div class=\"wd-gallery-item\">\n\t\t\t\t\t\t\t\t\t\t\t\t\t\t<a href=\"https:\/\/www.stildizayn.com\/wp-content\/uploads\/2023\/08\/hak-img.jpg\" data-elementor-open-lightbox=\"no\" data-index=\"1\" data-width=\"1020\" data-height=\"640\"  >\n\t\t\t\t\t\t\t\t\n\t\t\t\t\t\t\t\t\t\t\t\t\t\t\t\t\t<img loading=\"lazy\" decoding=\"async\" width=\"1020\" height=\"640\" src=\"https:\/\/www.stildizayn.com\/wp-content\/uploads\/2023\/08\/hak-img.jpg\" class=\"wd-gallery-image image-1 attachment-full\" alt=\"\" title=\"hak-img\" srcset=\"https:\/\/www.stildizayn.com\/wp-content\/uploads\/2023\/08\/hak-img.jpg 1020w, https:\/\/www.stildizayn.com\/wp-content\/uploads\/2023\/08\/hak-img-300x188.jpg 300w, https:\/\/www.stildizayn.com\/wp-content\/uploads\/2023\/08\/hak-img-768x482.jpg 768w, https:\/\/www.stildizayn.com\/wp-content\/uploads\/2023\/08\/hak-img-150x94.jpg 150w\" sizes=\"auto, (max-width: 1020px) 100vw, 1020px\" \/>\t\t\t\t\t\t\t\t\n\n\t\t\t\t\t\t\t\t\t\t\t\t\t\t\t<\/a>\n\t\t\t\t\t\t\t\t\t\t\t\t<\/div>\n\t\t\t\t\t\t\t\t\t\t\t<div class=\"wd-gallery-item\">\n\t\t\t\t\t\t\t\t\t\t\t\t\t\t<a href=\"https:\/\/www.stildizayn.com\/wp-content\/uploads\/2023\/08\/hak-img-4.jpg\" data-elementor-open-lightbox=\"no\" data-index=\"2\" data-width=\"1020\" data-height=\"640\"  >\n\t\t\t\t\t\t\t\t\n\t\t\t\t\t\t\t\t\t\t\t\t\t\t\t\t\t<img loading=\"lazy\" decoding=\"async\" width=\"1020\" height=\"640\" src=\"https:\/\/www.stildizayn.com\/wp-content\/uploads\/2023\/08\/hak-img-4.jpg\" class=\"wd-gallery-image image-2 attachment-full\" alt=\"\" title=\"hak-img-4\" srcset=\"https:\/\/www.stildizayn.com\/wp-content\/uploads\/2023\/08\/hak-img-4.jpg 1020w, https:\/\/www.stildizayn.com\/wp-content\/uploads\/2023\/08\/hak-img-4-300x188.jpg 300w, https:\/\/www.stildizayn.com\/wp-content\/uploads\/2023\/08\/hak-img-4-768x482.jpg 768w, https:\/\/www.stildizayn.com\/wp-content\/uploads\/2023\/08\/hak-img-4-150x94.jpg 150w\" sizes=\"auto, (max-width: 1020px) 100vw, 1020px\" \/>\t\t\t\t\t\t\t\t\n\n\t\t\t\t\t\t\t\t\t\t\t\t\t\t\t<\/a>\n\t\t\t\t\t\t\t\t\t\t\t\t<\/div>\n\t\t\t\t\t\t\t\t\t\t\t<div class=\"wd-gallery-item\">\n\t\t\t\t\t\t\t\t\t\t\t\t\t\t<a href=\"https:\/\/www.stildizayn.com\/wp-content\/uploads\/2023\/08\/hak-img-2.jpg\" data-elementor-open-lightbox=\"no\" data-index=\"3\" data-width=\"1020\" data-height=\"640\"  >\n\t\t\t\t\t\t\t\t\n\t\t\t\t\t\t\t\t\t\t\t\t\t\t\t\t\t<img loading=\"lazy\" decoding=\"async\" width=\"1020\" height=\"640\" src=\"https:\/\/www.stildizayn.com\/wp-content\/uploads\/2023\/08\/hak-img-2.jpg\" class=\"wd-gallery-image image-3 attachment-full\" alt=\"\" title=\"hak-img-2\" srcset=\"https:\/\/www.stildizayn.com\/wp-content\/uploads\/2023\/08\/hak-img-2.jpg 1020w, https:\/\/www.stildizayn.com\/wp-content\/uploads\/2023\/08\/hak-img-2-300x188.jpg 300w, https:\/\/www.stildizayn.com\/wp-content\/uploads\/2023\/08\/hak-img-2-768x482.jpg 768w, https:\/\/www.stildizayn.com\/wp-content\/uploads\/2023\/08\/hak-img-2-150x94.jpg 150w\" sizes=\"auto, (max-width: 1020px) 100vw, 1020px\" \/>\t\t\t\t\t\t\t\t\n\n\t\t\t\t\t\t\t\t\t\t\t\t\t\t\t<\/a>\n\t\t\t\t\t\t\t\t\t\t\t\t<\/div>\n\t\t\t\t\t\t\t\t\t\t\t\t<\/div>\n\t\t<\/div>\n\t\t\t\t<\/div><\/div><\/div><div class=\"wpb_column vc_column_container vc_col-sm-4\"><div class=\"vc_column-inner\"><div class=\"wpb_wrapper\">\n\t<div class=\"wpb_raw_code wpb_content_element wpb_raw_html\" >\n\t\t<div class=\"wpb_wrapper\">\n\t\t\t<div class=\"section\">\n\n<div class=\"section-tile\">Imagine <br> <strong> Let's do it.<\/strong><\/div>\n<div class=\"section-text\">\"Hello, as Stil Dizayn we are an interior design company. We have been working in the industry since 2011 and aim to provide the best service to our customers.\nAs Style Design, the most important thing for us was customer satisfaction. That's why we carefully plan all the details in each of our projects, take into account the wishes of our customers and turn their dreams into reality.\nIf you are considering renovating your home, business or other space, please contact us. Together we can turn your design ideas into reality and help you with our professional services aimed at customer satisfaction.\"<\/div>\n<\/div>\n\t\t<\/div>\n\t<\/div>\n<\/div><\/div><\/div><\/div><div class=\"vc_row-full-width vc_clearfix\"><\/div><div class=\"vc_row wpb_row vc_row-fluid\"><div class=\"wpb_column vc_column_container vc_col-sm-12\"><div class=\"vc_column-inner\"><div class=\"wpb_wrapper\">\t\t<div id=\"gallery_469\" class=\"wd-images-gallery wd-rs-64b069807b9bd wd-justify-center wd-items-middle view-masonry photoswipe-images\" >\n\t\t\t<div class=\"gallery-images row wd-spacing-2\">\n\t\t\t\t\t\t\t\t\t\t\t\t\t\t\t<div class=\"wd-gallery-item col-md-4 col-6\">\n\t\t\t\t\t\t\t\t\t\t\t\t\t\t<a href=\"https:\/\/www.stildizayn.com\/wp-content\/uploads\/2023\/07\/msg1189564727-2460.jpg\" data-elementor-open-lightbox=\"no\" data-index=\"1\" data-width=\"1024\" data-height=\"1024\"  >\n\t\t\t\t\t\t\t\t\n\t\t\t\t\t\t\t\t\t\t\t\t\t\t\t\t\t<img loading=\"lazy\" decoding=\"async\" class=\"wd-gallery-image image-1\" src=\"https:\/\/www.stildizayn.com\/wp-content\/uploads\/2023\/07\/msg1189564727-2460-400x300.jpg\" width=\"400\" height=\"300\" alt=\"msg1189564727-2460\" title=\"msg1189564727-2460\" \/>\t\t\t\t\t\t\t\t\n\n\t\t\t\t\t\t\t\t\t\t\t\t\t\t\t<\/a>\n\t\t\t\t\t\t\t\t\t\t\t\t<\/div>\n\t\t\t\t\t\t\t\t\t\t\t<div class=\"wd-gallery-item col-md-4 col-6\">\n\t\t\t\t\t\t\t\t\t\t\t\t\t\t<a href=\"https:\/\/www.stildizayn.com\/wp-content\/uploads\/2023\/07\/PHOTO-2023-02-15-15-45-14-1.jpg\" data-elementor-open-lightbox=\"no\" data-index=\"2\" data-width=\"1367\" data-height=\"1038\"  >\n\t\t\t\t\t\t\t\t\n\t\t\t\t\t\t\t\t\t\t\t\t\t\t\t\t\t<img loading=\"lazy\" decoding=\"async\" class=\"wd-gallery-image image-2\" src=\"https:\/\/www.stildizayn.com\/wp-content\/uploads\/2023\/07\/PHOTO-2023-02-15-15-45-14-1-400x300.jpg\" width=\"400\" height=\"300\" alt=\"PHOTO-2023-02-15-15-45-14 (1)\" title=\"PHOTO-2023-02-15-15-45-14 (1)\" \/>\t\t\t\t\t\t\t\t\n\n\t\t\t\t\t\t\t\t\t\t\t\t\t\t\t<\/a>\n\t\t\t\t\t\t\t\t\t\t\t\t<\/div>\n\t\t\t\t\t\t\t\t\t\t\t<div class=\"wd-gallery-item col-md-4 col-6\">\n\t\t\t\t\t\t\t\t\t\t\t\t\t\t<a href=\"https:\/\/www.stildizayn.com\/wp-content\/uploads\/2023\/07\/msg1189564727-2462.jpg\" data-elementor-open-lightbox=\"no\" data-index=\"3\" data-width=\"1000\" data-height=\"1000\"  >\n\t\t\t\t\t\t\t\t\n\t\t\t\t\t\t\t\t\t\t\t\t\t\t\t\t\t<img loading=\"lazy\" decoding=\"async\" class=\"wd-gallery-image image-3\" src=\"https:\/\/www.stildizayn.com\/wp-content\/uploads\/2023\/07\/msg1189564727-2462-400x300.jpg\" width=\"400\" height=\"300\" alt=\"msg1189564727-2462\" title=\"msg1189564727-2462\" \/>\t\t\t\t\t\t\t\t\n\n\t\t\t\t\t\t\t\t\t\t\t\t\t\t\t<\/a>\n\t\t\t\t\t\t\t\t\t\t\t\t<\/div>\n\t\t\t\t\t\t\t\t\t\t\t<div class=\"wd-gallery-item col-md-4 col-6\">\n\t\t\t\t\t\t\t\t\t\t\t\t\t\t<a href=\"https:\/\/www.stildizayn.com\/wp-content\/uploads\/2023\/07\/PHOTO-2023-02-15-15-45-16.jpg\" data-elementor-open-lightbox=\"no\" data-index=\"4\" data-width=\"1284\" data-height=\"947\"  >\n\t\t\t\t\t\t\t\t\n\t\t\t\t\t\t\t\t\t\t\t\t\t\t\t\t\t<img loading=\"lazy\" decoding=\"async\" class=\"wd-gallery-image image-4\" src=\"https:\/\/www.stildizayn.com\/wp-content\/uploads\/2023\/07\/PHOTO-2023-02-15-15-45-16-400x300.jpg\" width=\"400\" height=\"300\" alt=\"PHOTO-2023-02-15-15-45-16\" title=\"PHOTO-2023-02-15-15-45-16\" \/>\t\t\t\t\t\t\t\t\n\n\t\t\t\t\t\t\t\t\t\t\t\t\t\t\t<\/a>\n\t\t\t\t\t\t\t\t\t\t\t\t<\/div>\n\t\t\t\t\t\t\t\t\t\t\t<div class=\"wd-gallery-item col-md-4 col-6\">\n\t\t\t\t\t\t\t\t\t\t\t\t\t\t<a href=\"https:\/\/www.stildizayn.com\/wp-content\/uploads\/2023\/07\/1-1.jpg\" data-elementor-open-lightbox=\"no\" data-index=\"5\" data-width=\"1920\" data-height=\"1080\"  >\n\t\t\t\t\t\t\t\t\n\t\t\t\t\t\t\t\t\t\t\t\t\t\t\t\t\t<img loading=\"lazy\" decoding=\"async\" class=\"wd-gallery-image image-5\" src=\"https:\/\/www.stildizayn.com\/wp-content\/uploads\/2023\/07\/1-1-400x300.jpg\" width=\"400\" height=\"300\" alt=\"1 (1)\" title=\"1 (1)\" \/>\t\t\t\t\t\t\t\t\n\n\t\t\t\t\t\t\t\t\t\t\t\t\t\t\t<\/a>\n\t\t\t\t\t\t\t\t\t\t\t\t<\/div>\n\t\t\t\t\t\t\t\t\t\t\t<div class=\"wd-gallery-item col-md-4 col-6\">\n\t\t\t\t\t\t\t\t\t\t\t\t\t\t<a href=\"https:\/\/www.stildizayn.com\/wp-content\/uploads\/2023\/07\/2-1.jpg\" data-elementor-open-lightbox=\"no\" data-index=\"6\" data-width=\"1920\" data-height=\"1080\"  >\n\t\t\t\t\t\t\t\t\n\t\t\t\t\t\t\t\t\t\t\t\t\t\t\t\t\t<img loading=\"lazy\" decoding=\"async\" class=\"wd-gallery-image image-6\" src=\"https:\/\/www.stildizayn.com\/wp-content\/uploads\/2023\/07\/2-1-400x300.jpg\" width=\"400\" height=\"300\" alt=\"2 (1)\" title=\"2 (1)\" \/>\t\t\t\t\t\t\t\t\n\n\t\t\t\t\t\t\t\t\t\t\t\t\t\t\t<\/a>\n\t\t\t\t\t\t\t\t\t\t\t\t<\/div>\n\t\t\t\t\t\t\t\t\t\t\t\t<\/div>\n\t\t<\/div>\n\t\t\t\t<\/div><\/div><\/div><\/div><div id=\"hizmetler\" class=\"vc_row wpb_row vc_row-fluid wd-rs-64adb2a238074\"><div class=\"wpb_column vc_column_container vc_col-sm-12\"><div class=\"vc_column-inner\"><div class=\"wpb_wrapper\">\n\t<div class=\"wpb_raw_code wpb_content_element wpb_raw_html\" >\n\t\t<div class=\"wpb_wrapper\">\n\t\t\t<div class=\"row-secs\">\n\n<div class=\"row-secs-tile\">Services<\/div>\n<div class=\"row-secs-text\">If you are considering renovating your home, business or other space, please contact us. Together we can turn your design ideas into reality and help you with our professional services aimed at customer satisfaction.\"<\/div>\n<\/div>\n\t\t<\/div>\n\t<\/div>\n<\/div><\/div><\/div><div class=\"wpb_column vc_column_container vc_col-sm-6\"><div class=\"vc_column-inner\"><div class=\"wpb_wrapper\">\n\t<div class=\"wpb_raw_code wpb_content_element wpb_raw_html\" >\n\t\t<div class=\"wpb_wrapper\">\n\t\t\t<style>#sp-ea-84 .spcollapsing { height: 0; overflow: hidden; transition-property: height;transition-duration: 300ms;}#sp-ea-84.sp-easy-accordion>.sp-ea-single {border: 1px solid #e2e2e2; }#sp-ea-84.sp-easy-accordion>.sp-ea-single>.ea-header a {color: #444;}#sp-ea-84.sp-easy-accordion>.sp-ea-single>.sp-collapse>.ea-body {background: #fff; color: #444;}#sp-ea-84.sp-easy-accordion>.sp-ea-single {background: #eee;}#sp-ea-84.sp-easy-accordion>.sp-ea-single>.ea-header a .ea-expand-icon.fa { float: left; color: #444;font-size: 16px;}<\/style><div id=\"sp_easy_accordion-1689103606\"><div id=\"sp-ea-84\" class=\"sp-ea-one sp-easy-accordion\" data-ex-icon=\"fa-minus\" data-col-icon=\"fa-plus\"  data-ea-active=\"ea-click\"  data-ea-mode=\"vertical\" data-preloader=\"\" data-scroll-active-item=\"\" data-offset-to-scroll=\"0\"><div class=\"ea-card ea-expand sp-ea-single\"><h3 class=\"ea-header\"><a class=\"collapsed\" data-sptoggle=\"spcollapse\" data-sptarget=\"#collapse840\" href=\"javascript:void(0)\"  aria-expanded=\"true\"><i class=\"ea-expand-icon fa fa-minus\"><\/i> Restaurant<\/a><\/h3><div class=\"sp-collapse spcollapse collapsed show\" id=\"collapse840\" data-parent=\"#sp-ea-84\"><div class=\"ea-body\"><p>Our company specializes in designing and building unique, visually stunning restaurants that deliver an exceptional dining experience for your customers. Our team of experienced designers and contractors will work with you to create a customized design that fits your vision and meets your business needs.<\/p>\n<\/div><\/div><\/div><div class=\"ea-card  sp-ea-single\"><h3 class=\"ea-header\"><a class=\"collapsed\" data-sptoggle=\"spcollapse\" data-sptarget=\"#collapse841\" href=\"javascript:void(0)\"  aria-expanded=\"false\"><i class=\"ea-expand-icon fa fa-plus\"><\/i> Hotel<\/a><\/h3><div class=\"sp-collapse spcollapse\" id=\"collapse841\" data-parent=\"#sp-ea-84\"><div class=\"ea-body\"><p>Our company specializes in designing and building exceptional hotels that offer an unforgettable, comfortable experience for guests. Our team of experienced designers and contractors will work with you to create a customized design that fits your vision and meets your business needs.<\/p>\n<\/div><\/div><\/div><div class=\"ea-card  sp-ea-single\"><h3 class=\"ea-header\"><a class=\"collapsed\" data-sptoggle=\"spcollapse\" data-sptarget=\"#collapse842\" href=\"javascript:void(0)\"  aria-expanded=\"false\"><i class=\"ea-expand-icon fa fa-plus\"><\/i> Villa<\/a><\/h3><div class=\"sp-collapse spcollapse\" id=\"collapse842\" data-parent=\"#sp-ea-84\"><div class=\"ea-body\"><p>Our company specializes in designing and building luxurious, exclusive villas that offer the highest level of comfort and style. Our team of experienced designers and contractors will work with you to create a customized design that fits your vision and meets your needs.<\/p>\n<\/div><\/div><\/div><div class=\"ea-card  sp-ea-single\"><h3 class=\"ea-header\"><a class=\"collapsed\" data-sptoggle=\"spcollapse\" data-sptarget=\"#collapse843\" href=\"javascript:void(0)\"  aria-expanded=\"false\"><i class=\"ea-expand-icon fa fa-plus\"><\/i> Cafe<\/a><\/h3><div class=\"sp-collapse spcollapse\" id=\"collapse843\" data-parent=\"#sp-ea-84\"><div class=\"ea-body\"><p>Our company specializes in designing and building unique, inviting cafes that offer a warm atmosphere and excellent coffee and food. Our team of experienced designers and contractors will work with you to create a customized design that fits your vision and meets your business needs.<\/p>\n<\/div><\/div><\/div><div class=\"ea-card  sp-ea-single\"><h3 class=\"ea-header\"><a class=\"collapsed\" data-sptoggle=\"spcollapse\" data-sptarget=\"#collapse844\" href=\"javascript:void(0)\"  aria-expanded=\"false\"><i class=\"ea-expand-icon fa fa-plus\"><\/i> Interior and Exterior Designs<\/a><\/h3><div class=\"sp-collapse spcollapse\" id=\"collapse844\" data-parent=\"#sp-ea-84\"><div class=\"ea-body\"><p>Our company specializes in designing beautiful, functional spaces both inside and outside your home or business. Our team of experienced designers will work with you to create a unique, personalized design that meets your needs and fits your style.<\/p>\n<\/div><\/div><\/div><\/div><\/div>\n\t\t<\/div>\n\t<\/div>\n<\/div><\/div><\/div><div class=\"wpb_column vc_column_container vc_col-sm-6\"><div class=\"vc_column-inner\"><div class=\"wpb_wrapper\">\t\t<div class=\"promo-banner-wrapper  wd-rs-64b983931aac7\">\n\t\t\t<div id=\"wd-64b983931aac7\" class=\"promo-banner  banner- banner-hover-zoom color-scheme-light banner-btn-size-default banner-btn-style-default wd-underline-colored banner-vr-align-bottom banner-hr-align-left\"\n\t\t\t\t\t\t\t>\n\t\t\t\t<div class=\"main-wrapp-img\">\n\t\t\t\t\t<div class=\"banner-image wd-bg-position-center wd-without-height\" >\n\t\t\t\t\t\t<img loading=\"lazy\" decoding=\"async\" width=\"550\" height=\"550\" src=\"https:\/\/www.stildizayn.com\/wp-content\/uploads\/2023\/07\/hizmetlerimiz-img.jpg\" class=\"promo-banner-image attachment-full\" alt=\"\" title=\"hizmetlerimiz-img\" srcset=\"https:\/\/www.stildizayn.com\/wp-content\/uploads\/2023\/07\/hizmetlerimiz-img.jpg 550w, https:\/\/www.stildizayn.com\/wp-content\/uploads\/2023\/07\/hizmetlerimiz-img-300x300.jpg 300w, https:\/\/www.stildizayn.com\/wp-content\/uploads\/2023\/07\/hizmetlerimiz-img-150x150.jpg 150w\" sizes=\"auto, (max-width: 550px) 100vw, 550px\" \/>\t\t\t\t\t<\/div>\n\t\t\t\t<\/div>\n\n\t\t\t\t<div class=\"wrapper-content-banner wd-fill  wd-items-bottom wd-justify-left\">\n\t\t\t\t\t<div class=\"content-banner text-left wd-width-100\">\n\t\t\t\t\t\t<div class=\"banner-title-wrap banner-title-default\">\n\t\t\t\t\t\t\t\t\t\t\t\t\t<\/div>\n\t\t\t\t\t\t\t\t\t\t\t\t\t<div class=\"banner-inner set-cont-mb-s reset-last-child wd-fontsize-xs\">\n\t\t\t\t\t\t\t\t<\/p>\n<div class=\"section\">\n<div class=\"section-tile\">Get Offer<\/div>\n<div class=\"section-text\">Hizmetlerimiz hakk\u0131nda teklif almak i\u00e7in formumuzu doldurabilirsiniz.<\/div>\n<div class=\"section-btn\"><a href=\"https:\/\/www.stildizayn.com\/en\/hizmetlerimiz\/#teklif\">Get Offer<\/a><\/div>\n<\/div>\n<p>\n\t\t\t\t\t\t\t<\/div>\n\t\t\t\t\t\t\t\t\t\t\t\t\t\t\t\t\t<\/div>\n\t\t\t\t<\/div>\n\t\t\t\t\t\t\t<\/div>\n\t\t<\/div>\n\n\t\t<\/div><\/div><\/div><\/div>","protected":false},"excerpt":{"rendered":"Hayal edin yapal\u0131m. \"Merhaba, Stil Dizayn olarak bir i\u00e7 mimarl\u0131k \u015firketiyiz. 2011 y\u0131l\u0131ndan bu yana sekt\u00f6rde \u00e7al\u0131\u015f\u0131yor ve m\u00fc\u015fterilerimize en","protected":false},"author":1,"featured_media":0,"parent":0,"menu_order":2,"comment_status":"closed","ping_status":"closed","template":"","meta":{"footnotes":""},"class_list":["post-41","page","type-page","status-publish","hentry"],"yoast_head":"<!-- This site is optimized with the Yoast SEO plugin v20.12 - https:\/\/yoast.com\/wordpress\/plugins\/seo\/ -->\n<title>Hakk\u0131m\u0131zda - Stil Dizayn<\/title>\n<meta name=\"robots\" content=\"index, follow, max-snippet:-1, max-image-preview:large, max-video-preview:-1\" \/>\n<link rel=\"canonical\" href=\"https:\/\/www.stildizayn.com\/en\/hakkimizda\/\" \/>\n<meta property=\"og:locale\" content=\"en_US\" \/>\n<meta property=\"og:type\" content=\"article\" \/>\n<meta property=\"og:title\" content=\"Hakk\u0131m\u0131zda - Stil Dizayn\" \/>\n<meta property=\"og:url\" content=\"https:\/\/www.stildizayn.com\/en\/hakkimizda\/\" \/>\n<meta property=\"og:site_name\" content=\"Stil Dizayn\" \/>\n<meta property=\"article:modified_time\" content=\"2023-08-04T21:14:19+00:00\" \/>\n<meta name=\"twitter:card\" content=\"summary_large_image\" \/>\n<meta name=\"twitter:label1\" content=\"Est. reading time\" \/>\n\t<meta name=\"twitter:data1\" content=\"1 minute\" \/>\n<script type=\"application\/ld+json\" class=\"yoast-schema-graph\">{\"@context\":\"https:\/\/schema.org\",\"@graph\":[{\"@type\":\"WebPage\",\"@id\":\"https:\/\/www.stildizayn.com\/hakkimizda\/\",\"url\":\"https:\/\/www.stildizayn.com\/hakkimizda\/\",\"name\":\"Hakk\u0131m\u0131zda - Stil Dizayn\",\"isPartOf\":{\"@id\":\"https:\/\/www.stildizayn.com\/#website\"},\"datePublished\":\"2022-01-15T13:58:39+00:00\",\"dateModified\":\"2023-08-04T21:14:19+00:00\",\"breadcrumb\":{\"@id\":\"https:\/\/www.stildizayn.com\/hakkimizda\/#breadcrumb\"},\"inLanguage\":\"en-US\",\"potentialAction\":[{\"@type\":\"ReadAction\",\"target\":[\"https:\/\/www.stildizayn.com\/hakkimizda\/\"]}]},{\"@type\":\"BreadcrumbList\",\"@id\":\"https:\/\/www.stildizayn.com\/hakkimizda\/#breadcrumb\",\"itemListElement\":[{\"@type\":\"ListItem\",\"position\":1,\"name\":\"Anasayfa\",\"item\":\"https:\/\/www.stildizayn.com\/\"},{\"@type\":\"ListItem\",\"position\":2,\"name\":\"Hakk\u0131m\u0131zda\"}]},{\"@type\":\"WebSite\",\"@id\":\"https:\/\/www.stildizayn.com\/#website\",\"url\":\"https:\/\/www.stildizayn.com\/\",\"name\":\"Stil Dizayn\",\"description\":\"\",\"potentialAction\":[{\"@type\":\"SearchAction\",\"target\":{\"@type\":\"EntryPoint\",\"urlTemplate\":\"https:\/\/www.stildizayn.com\/?s={search_term_string}\"},\"query-input\":\"required name=search_term_string\"}],\"inLanguage\":\"en-US\"}]}<\/script>\n<!-- \/ Yoast SEO plugin. -->","yoast_head_json":{"title":"Hakk\u0131m\u0131zda - Stil Dizayn","robots":{"index":"index","follow":"follow","max-snippet":"max-snippet:-1","max-image-preview":"max-image-preview:large","max-video-preview":"max-video-preview:-1"},"canonical":"https:\/\/www.stildizayn.com\/en\/hakkimizda\/","og_locale":"en_US","og_type":"article","og_title":"Hakk\u0131m\u0131zda - Stil Dizayn","og_url":"https:\/\/www.stildizayn.com\/en\/hakkimizda\/","og_site_name":"Stil Dizayn","article_modified_time":"2023-08-04T21:14:19+00:00","twitter_card":"summary_large_image","twitter_misc":{"Est. reading time":"1 minute"},"schema":{"@context":"https:\/\/schema.org","@graph":[{"@type":"WebPage","@id":"https:\/\/www.stildizayn.com\/hakkimizda\/","url":"https:\/\/www.stildizayn.com\/hakkimizda\/","name":"Hakk\u0131m\u0131zda - Stil Dizayn","isPartOf":{"@id":"https:\/\/www.stildizayn.com\/#website"},"datePublished":"2022-01-15T13:58:39+00:00","dateModified":"2023-08-04T21:14:19+00:00","breadcrumb":{"@id":"https:\/\/www.stildizayn.com\/hakkimizda\/#breadcrumb"},"inLanguage":"en-US","potentialAction":[{"@type":"ReadAction","target":["https:\/\/www.stildizayn.com\/hakkimizda\/"]}]},{"@type":"BreadcrumbList","@id":"https:\/\/www.stildizayn.com\/hakkimizda\/#breadcrumb","itemListElement":[{"@type":"ListItem","position":1,"name":"Anasayfa","item":"https:\/\/www.stildizayn.com\/"},{"@type":"ListItem","position":2,"name":"Hakk\u0131m\u0131zda"}]},{"@type":"WebSite","@id":"https:\/\/www.stildizayn.com\/#website","url":"https:\/\/www.stildizayn.com\/","name":"Stil Dizayn","description":"","potentialAction":[{"@type":"SearchAction","target":{"@type":"EntryPoint","urlTemplate":"https:\/\/www.stildizayn.com\/?s={search_term_string}"},"query-input":"required name=search_term_string"}],"inLanguage":"en-US"}]}},"_links":{"self":[{"href":"https:\/\/www.stildizayn.com\/en\/wp-json\/wp\/v2\/pages\/41","targetHints":{"allow":["GET"]}}],"collection":[{"href":"https:\/\/www.stildizayn.com\/en\/wp-json\/wp\/v2\/pages"}],"about":[{"href":"https:\/\/www.stildizayn.com\/en\/wp-json\/wp\/v2\/types\/page"}],"author":[{"embeddable":true,"href":"https:\/\/www.stildizayn.com\/en\/wp-json\/wp\/v2\/users\/1"}],"replies":[{"embeddable":true,"href":"https:\/\/www.stildizayn.com\/en\/wp-json\/wp\/v2\/comments?post=41"}],"version-history":[{"count":26,"href":"https:\/\/www.stildizayn.com\/en\/wp-json\/wp\/v2\/pages\/41\/revisions"}],"predecessor-version":[{"id":729,"href":"https:\/\/www.stildizayn.com\/en\/wp-json\/wp\/v2\/pages\/41\/revisions\/729"}],"wp:attachment":[{"href":"https:\/\/www.stildizayn.com\/en\/wp-json\/wp\/v2\/media?parent=41"}],"curies":[{"name":"wp","href":"https:\/\/api.w.org\/{rel}","templated":true}]}}