{"id":139,"date":"2023-07-14T10:59:08","date_gmt":"2023-07-14T07:59:08","guid":{"rendered":"https:\/\/www.stildizayn.com\/?page_id=139"},"modified":"2023-07-28T09:48:00","modified_gmt":"2023-07-28T06:48:00","slug":"hizmetlerimiz","status":"publish","type":"page","link":"https:\/\/www.stildizayn.com\/en\/hizmetlerimiz\/","title":{"rendered":"Services"},"content":{"rendered":"<div id=\"hizmetler\" class=\"vc_row wpb_row vc_row-fluid wd-rs-64adb2a238074\"><div class=\"wpb_column vc_column_container vc_col-sm-12\"><div class=\"vc_column-inner\"><div class=\"wpb_wrapper\">\n\t<div class=\"wpb_raw_code wpb_content_element wpb_raw_html\" >\n\t\t<div class=\"wpb_wrapper\">\n\t\t\t<div class=\"row-secs\">\n\n<div class=\"row-secs-tile\">Services<\/div>\n<div class=\"row-secs-text\">If you are considering renovating your home, business or other space, please contact us. Together we can turn your design ideas into reality and help you with our professional services aimed at customer satisfaction.\"<\/div>\n<\/div>\n\t\t<\/div>\n\t<\/div>\n<\/div><\/div><\/div><div class=\"wpb_column vc_column_container vc_col-sm-6\"><div class=\"vc_column-inner\"><div class=\"wpb_wrapper\">\n\t<div class=\"wpb_raw_code wpb_content_element wpb_raw_html\" >\n\t\t<div class=\"wpb_wrapper\">\n\t\t\t<style>#sp-ea-84 .spcollapsing { height: 0; overflow: hidden; transition-property: height;transition-duration: 300ms;}#sp-ea-84.sp-easy-accordion>.sp-ea-single {border: 1px solid #e2e2e2; }#sp-ea-84.sp-easy-accordion>.sp-ea-single>.ea-header a {color: #444;}#sp-ea-84.sp-easy-accordion>.sp-ea-single>.sp-collapse>.ea-body {background: #fff; color: #444;}#sp-ea-84.sp-easy-accordion>.sp-ea-single {background: #eee;}#sp-ea-84.sp-easy-accordion>.sp-ea-single>.ea-header a .ea-expand-icon.fa { float: left; color: #444;font-size: 16px;}<\/style><div id=\"sp_easy_accordion-1689103606\"><div id=\"sp-ea-84\" class=\"sp-ea-one sp-easy-accordion\" data-ex-icon=\"fa-minus\" data-col-icon=\"fa-plus\"  data-ea-active=\"ea-click\"  data-ea-mode=\"vertical\" data-preloader=\"\" data-scroll-active-item=\"\" data-offset-to-scroll=\"0\"><div class=\"ea-card ea-expand sp-ea-single\"><h3 class=\"ea-header\"><a class=\"collapsed\" data-sptoggle=\"spcollapse\" data-sptarget=\"#collapse840\" href=\"javascript:void(0)\"  aria-expanded=\"true\"><i class=\"ea-expand-icon fa fa-minus\"><\/i> Restaurant<\/a><\/h3><div class=\"sp-collapse spcollapse collapsed show\" id=\"collapse840\" data-parent=\"#sp-ea-84\"><div class=\"ea-body\"><p>Our company specializes in designing and building unique, visually stunning restaurants that deliver an exceptional dining experience for your customers. Our team of experienced designers and contractors will work with you to create a customized design that fits your vision and meets your business needs.<\/p>\n<\/div><\/div><\/div><div class=\"ea-card  sp-ea-single\"><h3 class=\"ea-header\"><a class=\"collapsed\" data-sptoggle=\"spcollapse\" data-sptarget=\"#collapse841\" href=\"javascript:void(0)\"  aria-expanded=\"false\"><i class=\"ea-expand-icon fa fa-plus\"><\/i> Hotel<\/a><\/h3><div class=\"sp-collapse spcollapse\" id=\"collapse841\" data-parent=\"#sp-ea-84\"><div class=\"ea-body\"><p>Our company specializes in designing and building exceptional hotels that offer an unforgettable, comfortable experience for guests. Our team of experienced designers and contractors will work with you to create a customized design that fits your vision and meets your business needs.<\/p>\n<\/div><\/div><\/div><div class=\"ea-card  sp-ea-single\"><h3 class=\"ea-header\"><a class=\"collapsed\" data-sptoggle=\"spcollapse\" data-sptarget=\"#collapse842\" href=\"javascript:void(0)\"  aria-expanded=\"false\"><i class=\"ea-expand-icon fa fa-plus\"><\/i> Villa<\/a><\/h3><div class=\"sp-collapse spcollapse\" id=\"collapse842\" data-parent=\"#sp-ea-84\"><div class=\"ea-body\"><p>Our company specializes in designing and building luxurious, exclusive villas that offer the highest level of comfort and style. Our team of experienced designers and contractors will work with you to create a customized design that fits your vision and meets your needs.<\/p>\n<\/div><\/div><\/div><div class=\"ea-card  sp-ea-single\"><h3 class=\"ea-header\"><a class=\"collapsed\" data-sptoggle=\"spcollapse\" data-sptarget=\"#collapse843\" href=\"javascript:void(0)\"  aria-expanded=\"false\"><i class=\"ea-expand-icon fa fa-plus\"><\/i> Cafe<\/a><\/h3><div class=\"sp-collapse spcollapse\" id=\"collapse843\" data-parent=\"#sp-ea-84\"><div class=\"ea-body\"><p>Our company specializes in designing and building unique, inviting cafes that offer a warm atmosphere and excellent coffee and food. Our team of experienced designers and contractors will work with you to create a customized design that fits your vision and meets your business needs.<\/p>\n<\/div><\/div><\/div><div class=\"ea-card  sp-ea-single\"><h3 class=\"ea-header\"><a class=\"collapsed\" data-sptoggle=\"spcollapse\" data-sptarget=\"#collapse844\" href=\"javascript:void(0)\"  aria-expanded=\"false\"><i class=\"ea-expand-icon fa fa-plus\"><\/i> Interior and Exterior Designs<\/a><\/h3><div class=\"sp-collapse spcollapse\" id=\"collapse844\" data-parent=\"#sp-ea-84\"><div class=\"ea-body\"><p>Our company specializes in designing beautiful, functional spaces both inside and outside your home or business. Our team of experienced designers will work with you to create a unique, personalized design that meets your needs and fits your style.<\/p>\n<\/div><\/div><\/div><\/div><\/div>\n\t\t<\/div>\n\t<\/div>\n<\/div><\/div><\/div><div class=\"wpb_column vc_column_container vc_col-sm-6\"><div class=\"vc_column-inner\"><div class=\"wpb_wrapper\">\t\t<div class=\"promo-banner-wrapper  wd-rs-64b983cf9f868\">\n\t\t\t<div id=\"wd-64b983cf9f868\" class=\"promo-banner  banner- banner-hover-zoom color-scheme-light banner-btn-size-default banner-btn-style-default wd-underline-colored banner-vr-align-bottom banner-hr-align-left\"\n\t\t\t\t\t\t\t>\n\t\t\t\t<div class=\"main-wrapp-img\">\n\t\t\t\t\t<div class=\"banner-image wd-bg-position-center wd-without-height\" >\n\t\t\t\t\t\t<img loading=\"lazy\" decoding=\"async\" width=\"550\" height=\"550\" src=\"https:\/\/www.stildizayn.com\/wp-content\/uploads\/2023\/07\/hizmetlerimiz-img.jpg\" class=\"promo-banner-image attachment-full\" alt=\"\" title=\"hizmetlerimiz-img\" srcset=\"https:\/\/www.stildizayn.com\/wp-content\/uploads\/2023\/07\/hizmetlerimiz-img.jpg 550w, https:\/\/www.stildizayn.com\/wp-content\/uploads\/2023\/07\/hizmetlerimiz-img-300x300.jpg 300w, https:\/\/www.stildizayn.com\/wp-content\/uploads\/2023\/07\/hizmetlerimiz-img-150x150.jpg 150w\" sizes=\"auto, (max-width: 550px) 100vw, 550px\" \/>\t\t\t\t\t<\/div>\n\t\t\t\t<\/div>\n\n\t\t\t\t<div class=\"wrapper-content-banner wd-fill  wd-items-bottom wd-justify-left\">\n\t\t\t\t\t<div class=\"content-banner text-left wd-width-100\">\n\t\t\t\t\t\t<div class=\"banner-title-wrap banner-title-default\">\n\t\t\t\t\t\t\t\t\t\t\t\t\t<\/div>\n\t\t\t\t\t\t\t\t\t\t\t\t\t<div class=\"banner-inner set-cont-mb-s reset-last-child wd-fontsize-xs\">\n\t\t\t\t\t\t\t\t<\/p>\n<div class=\"section\">\n<div class=\"section-tile\">Get Offer<\/div>\n<div class=\"section-text\">Hizmetlerimiz hakk\u0131nda teklif almak i\u00e7in formumuzu doldurabilirsiniz.<\/div>\n<div class=\"section-btn\"><a href=\"#teklif\">Get Offer<\/a><\/div>\n<\/div>\n<p>\n\t\t\t\t\t\t\t<\/div>\n\t\t\t\t\t\t\t\t\t\t\t\t\t\t\t\t\t<\/div>\n\t\t\t\t<\/div>\n\t\t\t\t\t\t\t<\/div>\n\t\t<\/div>\n\n\t\t<\/div><\/div><\/div><\/div><div class=\"vc_row wpb_row vc_row-fluid\"><div class=\"wpb_column vc_column_container vc_col-sm-12\"><div class=\"vc_column-inner\"><div class=\"wpb_wrapper\">\t\t<div id=\"gallery_628\" class=\"wd-images-gallery wd-rs-64b101fd7a4ad wd-justify-center wd-items-middle view-masonry photoswipe-images\" >\n\t\t\t<div class=\"gallery-images row wd-spacing-2\">\n\t\t\t\t\t\t\t\t\t\t\t\t\t\t\t<div class=\"wd-gallery-item col-md-4 col-6\">\n\t\t\t\t\t\t\t\t\t\t\t\t\t\t<a href=\"https:\/\/www.stildizayn.com\/wp-content\/uploads\/2023\/07\/2-3.jpg\" data-elementor-open-lightbox=\"no\" data-index=\"1\" data-width=\"1920\" data-height=\"1080\"  >\n\t\t\t\t\t\t\t\t\n\t\t\t\t\t\t\t\t\t\t\t\t\t\t\t\t\t<img loading=\"lazy\" decoding=\"async\" class=\"wd-gallery-image image-1\" src=\"https:\/\/www.stildizayn.com\/wp-content\/uploads\/2023\/07\/2-3-400x300.jpg\" width=\"400\" height=\"300\" alt=\"2 (3)\" title=\"2 (3)\" \/>\t\t\t\t\t\t\t\t\n\n\t\t\t\t\t\t\t\t\t\t\t\t\t\t\t<\/a>\n\t\t\t\t\t\t\t\t\t\t\t\t<\/div>\n\t\t\t\t\t\t\t\t\t\t\t<div class=\"wd-gallery-item col-md-4 col-6\">\n\t\t\t\t\t\t\t\t\t\t\t\t\t\t<a href=\"https:\/\/www.stildizayn.com\/wp-content\/uploads\/2023\/07\/7.jpg\" data-elementor-open-lightbox=\"no\" data-index=\"2\" data-width=\"1920\" data-height=\"1080\"  >\n\t\t\t\t\t\t\t\t\n\t\t\t\t\t\t\t\t\t\t\t\t\t\t\t\t\t<img loading=\"lazy\" decoding=\"async\" class=\"wd-gallery-image image-2\" src=\"https:\/\/www.stildizayn.com\/wp-content\/uploads\/2023\/07\/7-400x300.jpg\" width=\"400\" height=\"300\" alt=\"7\" title=\"7\" \/>\t\t\t\t\t\t\t\t\n\n\t\t\t\t\t\t\t\t\t\t\t\t\t\t\t<\/a>\n\t\t\t\t\t\t\t\t\t\t\t\t<\/div>\n\t\t\t\t\t\t\t\t\t\t\t<div class=\"wd-gallery-item col-md-4 col-6\">\n\t\t\t\t\t\t\t\t\t\t\t\t\t\t<a href=\"https:\/\/www.stildizayn.com\/wp-content\/uploads\/2023\/07\/1656401686234.jpg\" data-elementor-open-lightbox=\"no\" data-index=\"3\" data-width=\"1600\" data-height=\"1200\"  >\n\t\t\t\t\t\t\t\t\n\t\t\t\t\t\t\t\t\t\t\t\t\t\t\t\t\t<img loading=\"lazy\" decoding=\"async\" class=\"wd-gallery-image image-3\" src=\"https:\/\/www.stildizayn.com\/wp-content\/uploads\/2023\/07\/1656401686234-400x300.jpg\" width=\"400\" height=\"300\" alt=\"1656401686234\" title=\"1656401686234\" \/>\t\t\t\t\t\t\t\t\n\n\t\t\t\t\t\t\t\t\t\t\t\t\t\t\t<\/a>\n\t\t\t\t\t\t\t\t\t\t\t\t<\/div>\n\t\t\t\t\t\t\t\t\t\t\t<div class=\"wd-gallery-item col-md-4 col-6\">\n\t\t\t\t\t\t\t\t\t\t\t\t\t\t<a href=\"https:\/\/www.stildizayn.com\/wp-content\/uploads\/2023\/07\/msg1189564727-2460-1.jpg\" data-elementor-open-lightbox=\"no\" data-index=\"4\" data-width=\"1024\" data-height=\"1024\"  >\n\t\t\t\t\t\t\t\t\n\t\t\t\t\t\t\t\t\t\t\t\t\t\t\t\t\t<img loading=\"lazy\" decoding=\"async\" class=\"wd-gallery-image image-4\" src=\"https:\/\/www.stildizayn.com\/wp-content\/uploads\/2023\/07\/msg1189564727-2460-1-400x300.jpg\" width=\"400\" height=\"300\" alt=\"msg1189564727-2460 (1)\" title=\"msg1189564727-2460 (1)\" \/>\t\t\t\t\t\t\t\t\n\n\t\t\t\t\t\t\t\t\t\t\t\t\t\t\t<\/a>\n\t\t\t\t\t\t\t\t\t\t\t\t<\/div>\n\t\t\t\t\t\t\t\t\t\t\t<div class=\"wd-gallery-item col-md-4 col-6\">\n\t\t\t\t\t\t\t\t\t\t\t\t\t\t<a href=\"https:\/\/www.stildizayn.com\/wp-content\/uploads\/2023\/07\/msg1189564727-2462-1.jpg\" data-elementor-open-lightbox=\"no\" data-index=\"5\" data-width=\"1000\" data-height=\"1000\"  >\n\t\t\t\t\t\t\t\t\n\t\t\t\t\t\t\t\t\t\t\t\t\t\t\t\t\t<img loading=\"lazy\" decoding=\"async\" class=\"wd-gallery-image image-5\" src=\"https:\/\/www.stildizayn.com\/wp-content\/uploads\/2023\/07\/msg1189564727-2462-1-400x300.jpg\" width=\"400\" height=\"300\" alt=\"msg1189564727-2462\" title=\"msg1189564727-2462\" \/>\t\t\t\t\t\t\t\t\n\n\t\t\t\t\t\t\t\t\t\t\t\t\t\t\t<\/a>\n\t\t\t\t\t\t\t\t\t\t\t\t<\/div>\n\t\t\t\t\t\t\t\t\t\t\t<div class=\"wd-gallery-item col-md-4 col-6\">\n\t\t\t\t\t\t\t\t\t\t\t\t\t\t<a href=\"https:\/\/www.stildizayn.com\/wp-content\/uploads\/2023\/07\/msg1189564727-2463-1.jpg\" data-elementor-open-lightbox=\"no\" data-index=\"6\" data-width=\"1280\" data-height=\"1261\"  >\n\t\t\t\t\t\t\t\t\n\t\t\t\t\t\t\t\t\t\t\t\t\t\t\t\t\t<img loading=\"lazy\" decoding=\"async\" class=\"wd-gallery-image image-6\" src=\"https:\/\/www.stildizayn.com\/wp-content\/uploads\/2023\/07\/msg1189564727-2463-1-400x300.jpg\" width=\"400\" height=\"300\" alt=\"msg1189564727-2463 (1)\" title=\"msg1189564727-2463 (1)\" \/>\t\t\t\t\t\t\t\t\n\n\t\t\t\t\t\t\t\t\t\t\t\t\t\t\t<\/a>\n\t\t\t\t\t\t\t\t\t\t\t\t<\/div>\n\t\t\t\t\t\t\t\t\t\t\t<div class=\"wd-gallery-item col-md-4 col-6\">\n\t\t\t\t\t\t\t\t\t\t\t\t\t\t<a href=\"https:\/\/www.stildizayn.com\/wp-content\/uploads\/2023\/07\/msg1189564727-2464-1.jpg\" data-elementor-open-lightbox=\"no\" data-index=\"7\" data-width=\"1280\" data-height=\"1257\"  >\n\t\t\t\t\t\t\t\t\n\t\t\t\t\t\t\t\t\t\t\t\t\t\t\t\t\t<img loading=\"lazy\" decoding=\"async\" class=\"wd-gallery-image image-7\" src=\"https:\/\/www.stildizayn.com\/wp-content\/uploads\/2023\/07\/msg1189564727-2464-1-400x300.jpg\" width=\"400\" height=\"300\" alt=\"msg1189564727-2464\" title=\"msg1189564727-2464\" \/>\t\t\t\t\t\t\t\t\n\n\t\t\t\t\t\t\t\t\t\t\t\t\t\t\t<\/a>\n\t\t\t\t\t\t\t\t\t\t\t\t<\/div>\n\t\t\t\t\t\t\t\t\t\t\t<div class=\"wd-gallery-item col-md-4 col-6\">\n\t\t\t\t\t\t\t\t\t\t\t\t\t\t<a href=\"https:\/\/www.stildizayn.com\/wp-content\/uploads\/2023\/07\/PHOTO-2023-02-15-15-45-14-1-1.jpg\" data-elementor-open-lightbox=\"no\" data-index=\"8\" data-width=\"1367\" data-height=\"1038\"  >\n\t\t\t\t\t\t\t\t\n\t\t\t\t\t\t\t\t\t\t\t\t\t\t\t\t\t<img loading=\"lazy\" decoding=\"async\" class=\"wd-gallery-image image-8\" src=\"https:\/\/www.stildizayn.com\/wp-content\/uploads\/2023\/07\/PHOTO-2023-02-15-15-45-14-1-1-400x300.jpg\" width=\"400\" height=\"300\" alt=\"PHOTO-2023-02-15-15-45-14 (1)\" title=\"PHOTO-2023-02-15-15-45-14 (1)\" \/>\t\t\t\t\t\t\t\t\n\n\t\t\t\t\t\t\t\t\t\t\t\t\t\t\t<\/a>\n\t\t\t\t\t\t\t\t\t\t\t\t<\/div>\n\t\t\t\t\t\t\t\t\t\t\t<div class=\"wd-gallery-item col-md-4 col-6\">\n\t\t\t\t\t\t\t\t\t\t\t\t\t\t<a href=\"https:\/\/www.stildizayn.com\/wp-content\/uploads\/2023\/07\/PHOTO-2023-02-15-15-45-16-1.jpg\" data-elementor-open-lightbox=\"no\" data-index=\"9\" data-width=\"1284\" data-height=\"947\"  >\n\t\t\t\t\t\t\t\t\n\t\t\t\t\t\t\t\t\t\t\t\t\t\t\t\t\t<img loading=\"lazy\" decoding=\"async\" class=\"wd-gallery-image image-9\" src=\"https:\/\/www.stildizayn.com\/wp-content\/uploads\/2023\/07\/PHOTO-2023-02-15-15-45-16-1-400x300.jpg\" width=\"400\" height=\"300\" alt=\"PHOTO-2023-02-15-15-45-16\" title=\"PHOTO-2023-02-15-15-45-16\" \/>\t\t\t\t\t\t\t\t\n\n\t\t\t\t\t\t\t\t\t\t\t\t\t\t\t<\/a>\n\t\t\t\t\t\t\t\t\t\t\t\t<\/div>\n\t\t\t\t\t\t\t\t\t\t\t\t<\/div>\n\t\t<\/div>\n\t\t\t\t<\/div><\/div><\/div><\/div><div id=\"teklif\" class=\"vc_row wpb_row vc_row-fluid wd-rs-64b10537518b5\"><div class=\"wpb_column vc_column_container vc_col-sm-12\"><div class=\"vc_column-inner\"><div class=\"wpb_wrapper\">\n\t<div class=\"wpb_raw_code wpb_content_element wpb_raw_html\" >\n\t\t<div class=\"wpb_wrapper\">\n\t\t\t<div class=\"tile\">Get a Service Quote<\/div>\n\t\t<\/div>\n\t<\/div>\n\n<div class=\"wpcf7 no-js\" id=\"wpcf7-f166-o1\" lang=\"tr-TR\" dir=\"ltr\">\n<div class=\"screen-reader-response\"><p role=\"status\" aria-live=\"polite\" aria-atomic=\"true\"><\/p> <ul><\/ul><\/div>\n<form action=\"\/en\/wp-json\/wp\/v2\/pages\/139#wpcf7-f166-o1\" method=\"post\" class=\"wpcf7-form init\" aria-label=\"Contact form\" novalidate=\"novalidate\" data-status=\"init\" data-trp-original-action=\"\/en\/wp-json\/wp\/v2\/pages\/139#wpcf7-f166-o1\">\n<div style=\"display: none;\">\n<input type=\"hidden\" name=\"_wpcf7\" value=\"166\" \/>\n<input type=\"hidden\" name=\"_wpcf7_version\" value=\"5.7.7\" \/>\n<input type=\"hidden\" name=\"_wpcf7_locale\" value=\"tr_TR\" \/>\n<input type=\"hidden\" name=\"_wpcf7_unit_tag\" value=\"wpcf7-f166-o1\" \/>\n<input type=\"hidden\" name=\"_wpcf7_container_post\" value=\"0\" \/>\n<input type=\"hidden\" name=\"_wpcf7_posted_data_hash\" value=\"\" \/>\n<\/div>\n<div class=\"two\">\n\t<div class=\"column\">\n\t\t<div class=\"up\">\n\t\t\t<p>Your name\n\t\t\t<\/p>\n\t\t<\/div>\n\t\t<p><span class=\"wpcf7-form-control-wrap\" data-name=\"your-name\"><input size=\"40\" class=\"wpcf7-form-control wpcf7-text wpcf7-validates-as-required\" aria-required=\"true\" aria-invalid=\"false\" value=\"\" type=\"text\" name=\"your-name\" \/><\/span>\n\t\t<\/p>\n\t<\/div>\n\t<div class=\"column\">\n\t\t<div class=\"up\">\n\t\t\t<p>Surname\n\t\t\t<\/p>\n\t\t<\/div>\n\t\t<p><span class=\"wpcf7-form-control-wrap\" data-name=\"your-surname\"><input size=\"40\" class=\"wpcf7-form-control wpcf7-text wpcf7-validates-as-required\" aria-required=\"true\" aria-invalid=\"false\" value=\"\" type=\"text\" name=\"your-surname\" \/><\/span>\n\t\t<\/p>\n\t<\/div>\n<\/div>\n<div class=\"two\">\n\t<div class=\"column\">\n\t\t<div class=\"up\">\n\t\t\t<p>The Service You Want to Receive Information From;\n\t\t\t<\/p>\n\t\t<\/div>\n\t\t<p><span class=\"wpcf7-form-control-wrap\" data-name=\"menu-97\"><select class=\"wpcf7-form-control wpcf7-select test\" aria-invalid=\"false\" name=\"menu-97\"><option value=\"Restorant\">Restaurant<\/option><option value=\"Otel\">Hotel<\/option><option value=\"Villa\">Villa<\/option><option value=\"Kafe\">Cafe<\/option><option value=\"\u0130\u00e7 ve D\u0131\u015f Mekan Tasar\u0131mlar\u0131\">Interior and Exterior Designs<\/option><\/select><\/span>\n\t\t<\/p>\n\t<\/div>\n\t<div class=\"column\">\n\t\t<div class=\"up\">\n\t\t\t<p>Your Phone Number\n\t\t\t<\/p>\n\t\t<\/div>\n\t\t<p><span class=\"wpcf7-form-control-wrap\" data-name=\"your-phone\"><input size=\"40\" class=\"wpcf7-form-control wpcf7-text\" aria-invalid=\"false\" value=\"\" type=\"text\" name=\"your-phone\" \/><\/span>\n\t\t<\/p>\n\t<\/div>\n<\/div>\n<div class=\"column\">\n\t<div class=\"up\">\n\t\t<p>Message\n\t\t<\/p>\n\t<\/div>\n\t<p><span class=\"wpcf7-form-control-wrap\" data-name=\"your-message\"><textarea cols=\"40\" rows=\"10\" class=\"wpcf7-form-control wpcf7-textarea wpcf7-validates-as-required\" aria-required=\"true\" aria-invalid=\"false\" name=\"your-message\"><\/textarea><\/span>\n\t<\/p>\n<\/div>\n<p><input class=\"wpcf7-form-control has-spinner wpcf7-submit\" type=\"submit\" value=\"Send\" \/>\n<\/p><div class=\"wpcf7-response-output\" aria-hidden=\"true\"><\/div>\n<input type=\"hidden\" name=\"trp-form-language\" value=\"en\"\/><\/form>\n<\/div>\n<\/div><\/div><\/div><\/div>","protected":false},"excerpt":{"rendered":"Hizmetlerimiz E\u011fer evinizi, i\u015fyerinizi veya ba\u015fka bir mekan\u0131 yenilemeyi d\u00fc\u015f\u00fcn\u00fcyorsan\u0131z, l\u00fctfen bizimle ileti\u015fime ge\u00e7in. Birlikte tasar\u0131m fikirlerinizi ger\u00e7e\u011fe d\u00f6n\u00fc\u015ft\u00fcrebilir ve","protected":false},"author":1,"featured_media":0,"parent":0,"menu_order":4,"comment_status":"closed","ping_status":"closed","template":"","meta":{"footnotes":""},"class_list":["post-139","page","type-page","status-publish","hentry"],"yoast_head":"<!-- This site is optimized with the Yoast SEO plugin v20.12 - https:\/\/yoast.com\/wordpress\/plugins\/seo\/ -->\n<title>Hizmetlerimiz - Stil Dizayn<\/title>\n<meta name=\"robots\" content=\"index, follow, max-snippet:-1, max-image-preview:large, max-video-preview:-1\" \/>\n<link rel=\"canonical\" href=\"https:\/\/www.stildizayn.com\/en\/hizmetlerimiz\/\" \/>\n<meta property=\"og:locale\" content=\"en_US\" \/>\n<meta property=\"og:type\" content=\"article\" \/>\n<meta property=\"og:title\" content=\"Hizmetlerimiz - Stil Dizayn\" \/>\n<meta property=\"og:url\" content=\"https:\/\/www.stildizayn.com\/en\/hizmetlerimiz\/\" \/>\n<meta property=\"og:site_name\" content=\"Stil Dizayn\" \/>\n<meta property=\"article:modified_time\" content=\"2023-07-28T06:48:00+00:00\" \/>\n<meta name=\"twitter:card\" content=\"summary_large_image\" \/>\n<meta name=\"twitter:label1\" content=\"Est. reading time\" \/>\n\t<meta name=\"twitter:data1\" content=\"1 minute\" \/>\n<script type=\"application\/ld+json\" class=\"yoast-schema-graph\">{\"@context\":\"https:\/\/schema.org\",\"@graph\":[{\"@type\":\"WebPage\",\"@id\":\"https:\/\/www.stildizayn.com\/hizmetlerimiz\/\",\"url\":\"https:\/\/www.stildizayn.com\/hizmetlerimiz\/\",\"name\":\"Hizmetlerimiz - Stil Dizayn\",\"isPartOf\":{\"@id\":\"https:\/\/www.stildizayn.com\/#website\"},\"datePublished\":\"2023-07-14T07:59:08+00:00\",\"dateModified\":\"2023-07-28T06:48:00+00:00\",\"breadcrumb\":{\"@id\":\"https:\/\/www.stildizayn.com\/hizmetlerimiz\/#breadcrumb\"},\"inLanguage\":\"en-US\",\"potentialAction\":[{\"@type\":\"ReadAction\",\"target\":[\"https:\/\/www.stildizayn.com\/hizmetlerimiz\/\"]}]},{\"@type\":\"BreadcrumbList\",\"@id\":\"https:\/\/www.stildizayn.com\/hizmetlerimiz\/#breadcrumb\",\"itemListElement\":[{\"@type\":\"ListItem\",\"position\":1,\"name\":\"Anasayfa\",\"item\":\"https:\/\/www.stildizayn.com\/\"},{\"@type\":\"ListItem\",\"position\":2,\"name\":\"Hizmetlerimiz\"}]},{\"@type\":\"WebSite\",\"@id\":\"https:\/\/www.stildizayn.com\/#website\",\"url\":\"https:\/\/www.stildizayn.com\/\",\"name\":\"Stil Dizayn\",\"description\":\"\",\"potentialAction\":[{\"@type\":\"SearchAction\",\"target\":{\"@type\":\"EntryPoint\",\"urlTemplate\":\"https:\/\/www.stildizayn.com\/?s={search_term_string}\"},\"query-input\":\"required name=search_term_string\"}],\"inLanguage\":\"en-US\"}]}<\/script>\n<!-- \/ Yoast SEO plugin. -->","yoast_head_json":{"title":"Hizmetlerimiz - Stil Dizayn","robots":{"index":"index","follow":"follow","max-snippet":"max-snippet:-1","max-image-preview":"max-image-preview:large","max-video-preview":"max-video-preview:-1"},"canonical":"https:\/\/www.stildizayn.com\/en\/hizmetlerimiz\/","og_locale":"en_US","og_type":"article","og_title":"Hizmetlerimiz - Stil Dizayn","og_url":"https:\/\/www.stildizayn.com\/en\/hizmetlerimiz\/","og_site_name":"Stil Dizayn","article_modified_time":"2023-07-28T06:48:00+00:00","twitter_card":"summary_large_image","twitter_misc":{"Est. reading time":"1 minute"},"schema":{"@context":"https:\/\/schema.org","@graph":[{"@type":"WebPage","@id":"https:\/\/www.stildizayn.com\/hizmetlerimiz\/","url":"https:\/\/www.stildizayn.com\/hizmetlerimiz\/","name":"Hizmetlerimiz - Stil Dizayn","isPartOf":{"@id":"https:\/\/www.stildizayn.com\/#website"},"datePublished":"2023-07-14T07:59:08+00:00","dateModified":"2023-07-28T06:48:00+00:00","breadcrumb":{"@id":"https:\/\/www.stildizayn.com\/hizmetlerimiz\/#breadcrumb"},"inLanguage":"en-US","potentialAction":[{"@type":"ReadAction","target":["https:\/\/www.stildizayn.com\/hizmetlerimiz\/"]}]},{"@type":"BreadcrumbList","@id":"https:\/\/www.stildizayn.com\/hizmetlerimiz\/#breadcrumb","itemListElement":[{"@type":"ListItem","position":1,"name":"Anasayfa","item":"https:\/\/www.stildizayn.com\/"},{"@type":"ListItem","position":2,"name":"Hizmetlerimiz"}]},{"@type":"WebSite","@id":"https:\/\/www.stildizayn.com\/#website","url":"https:\/\/www.stildizayn.com\/","name":"Stil Dizayn","description":"","potentialAction":[{"@type":"SearchAction","target":{"@type":"EntryPoint","urlTemplate":"https:\/\/www.stildizayn.com\/?s={search_term_string}"},"query-input":"required name=search_term_string"}],"inLanguage":"en-US"}]}},"_links":{"self":[{"href":"https:\/\/www.stildizayn.com\/en\/wp-json\/wp\/v2\/pages\/139","targetHints":{"allow":["GET"]}}],"collection":[{"href":"https:\/\/www.stildizayn.com\/en\/wp-json\/wp\/v2\/pages"}],"about":[{"href":"https:\/\/www.stildizayn.com\/en\/wp-json\/wp\/v2\/types\/page"}],"author":[{"embeddable":true,"href":"https:\/\/www.stildizayn.com\/en\/wp-json\/wp\/v2\/users\/1"}],"replies":[{"embeddable":true,"href":"https:\/\/www.stildizayn.com\/en\/wp-json\/wp\/v2\/comments?post=139"}],"version-history":[{"count":11,"href":"https:\/\/www.stildizayn.com\/en\/wp-json\/wp\/v2\/pages\/139\/revisions"}],"predecessor-version":[{"id":182,"href":"https:\/\/www.stildizayn.com\/en\/wp-json\/wp\/v2\/pages\/139\/revisions\/182"}],"wp:attachment":[{"href":"https:\/\/www.stildizayn.com\/en\/wp-json\/wp\/v2\/media?parent=139"}],"curies":[{"name":"wp","href":"https:\/\/api.w.org\/{rel}","templated":true}]}}